{"id":1129,"date":"2023-05-16T15:24:52","date_gmt":"2023-05-16T15:24:52","guid":{"rendered":"https:\/\/themeholy.com\/wordpress\/ruffer\/?page_id=1129"},"modified":"2024-09-03T17:49:53","modified_gmt":"2024-09-03T17:49:53","slug":"nous-contacter","status":"publish","type":"page","link":"https:\/\/modernalu.fr\/accueil-modernalu-metallerie-serrurerie-alsace\/nous-contacter\/","title":{"rendered":"Nous Contacter &#8211; Modern Alu"},"content":{"rendered":"\t\t<div data-elementor-type=\"wp-page\" data-elementor-id=\"1129\" class=\"elementor elementor-1129\">\n\t\t\t\t<div class=\"elementor-element elementor-element-3b34dd7 e-con-full elementor-hidden-mobile e-flex e-con e-parent\" data-id=\"3b34dd7\" data-element_type=\"container\" data-e-type=\"container\" data-settings=\"{&quot;background_background&quot;:&quot;classic&quot;}\">\n\t\t\t\t<div class=\"elementor-element elementor-element-f81649a elementor-widget elementor-widget-rufferbanner\" data-id=\"f81649a\" data-element_type=\"widget\" data-e-type=\"widget\" data-widget_type=\"rufferbanner.default\">\n\t\t\t\t<div class=\"elementor-widget-container\">\n\t\t\t\t\t<div class=\"th-hero-wrapper hero-2\"><div class=\"banner-img\" data-bg-src=\"https:\/\/modernalu.fr\/wp-content\/uploads\/2024\/04\/Design-sans-titre-30.webp\"><\/div><div class=\"hero-bg-anime2-1 shape-mockup moving\" data-left=\"40%\" data-bottom=\"10%\"><img decoding=\"async\" src=\"https:\/\/modernalu.fr\/wp-content\/plugins\/ruffer-core\/assets\/img\/hero_bg_anime2-1.jpg\" alt=\"hero\"><\/div><div class=\"hero-bg-anime2-2 shape-mockup movingX\" data-left=\"51%\" data-top=\"23%\"><img decoding=\"async\" src=\"https:\/\/modernalu.fr\/wp-content\/plugins\/ruffer-core\/assets\/img\/hero_bg_anime2-2.jpg\" alt=\"hero\"><\/div><div class=\"container\"><div class=\"row justify-content-center\"><div class=\"col-md-7\"><div class=\"hero-style2\"><span class=\"hero-subtitle\">Contact Modern Alu<\/span><h1 class=\"hero-title\">Vous souhaitez nous contacter ?<\/h1><p class=\"hero-text\">Entrons en contact d\u00e8s maintenant ! Pour discuter de vos projets ou r\u00e9pondre \u00e0 vos questions.<\/p><div class=\"btn-group\"><a href=\"https:\/\/modernalu.fr\/accueil-modernalu-metallerie-serrurerie-alsace\/faq\/\" class=\"th-btn \">Voir notre FAQ<i class=\"fa-regular fa-arrow-right ms-3\"><\/i><\/a><a href=\"https:\/\/modernalu.fr\/accueil-modernalu-metallerie-serrurerie-alsace\/nos-services\/\" class=\"th-btn style7 \">Nos Services<i class=\"fa-regular fa-arrow-right ms-3\"><\/i><\/a><\/div><\/div><\/div><\/div><\/div><\/div>\t\t\t\t<\/div>\n\t\t\t\t<\/div>\n\t\t\t\t<\/div>\n\t\t<div class=\"elementor-element elementor-element-a66cd40 e-con-full elementor-hidden-desktop elementor-hidden-tablet e-flex e-con e-parent\" data-id=\"a66cd40\" data-element_type=\"container\" data-e-type=\"container\" data-settings=\"{&quot;background_background&quot;:&quot;classic&quot;}\">\n\t\t\t\t<div class=\"elementor-element elementor-element-7d0dd28 elementor-widget elementor-widget-rufferbanner\" data-id=\"7d0dd28\" data-element_type=\"widget\" data-e-type=\"widget\" data-widget_type=\"rufferbanner.default\">\n\t\t\t\t<div class=\"elementor-widget-container\">\n\t\t\t\t\t<div class=\"th-hero-wrapper hero-2\"><div class=\"banner-img\" data-bg-src=\"https:\/\/modernalu.fr\/wp-content\/uploads\/2024\/04\/Design-sans-titre-31.webp\"><\/div><div class=\"hero-bg-anime2-1 shape-mockup moving\" data-left=\"40%\" data-bottom=\"10%\"><img decoding=\"async\" src=\"https:\/\/modernalu.fr\/wp-content\/plugins\/ruffer-core\/assets\/img\/hero_bg_anime2-1.jpg\" alt=\"hero\"><\/div><div class=\"hero-bg-anime2-2 shape-mockup movingX\" data-left=\"51%\" data-top=\"23%\"><img decoding=\"async\" src=\"https:\/\/modernalu.fr\/wp-content\/plugins\/ruffer-core\/assets\/img\/hero_bg_anime2-2.jpg\" alt=\"hero\"><\/div><div class=\"container\"><div class=\"row justify-content-center\"><div class=\"col-md-7\"><div class=\"hero-style2\"><span class=\"hero-subtitle\">Contact Modern Alu<\/span><h1 class=\"hero-title\">Vous souhaitez nous contacter ?<\/h1><p class=\"hero-text\">Entrons en contact d\u00e8s maintenant ! Pour discuter de vos projets ou r\u00e9pondre \u00e0 vos questions.<\/p><div class=\"btn-group\"><a href=\"https:\/\/modernalu.fr\/accueil-modernalu-metallerie-serrurerie-alsace\/faq\/\" class=\"th-btn \">Voir notre FAQ<i class=\"fa-regular fa-arrow-right ms-3\"><\/i><\/a><a href=\"https:\/\/modernalu.fr\/accueil-modernalu-metallerie-serrurerie-alsace\/nos-services\/\" class=\"th-btn style7 \">Nos Services<i class=\"fa-regular fa-arrow-right ms-3\"><\/i><\/a><\/div><\/div><\/div><\/div><\/div><\/div>\t\t\t\t<\/div>\n\t\t\t\t<\/div>\n\t\t\t\t<\/div>\n\t\t\t\t<section class=\"elementor-section elementor-top-section elementor-element elementor-element-c9baf63 elementor-section-boxed elementor-section-height-default elementor-section-height-default\" data-id=\"c9baf63\" data-element_type=\"section\" data-e-type=\"section\">\n\t\t\t\t\t\t<div class=\"elementor-container elementor-column-gap-no\">\n\t\t\t\t\t<div class=\"elementor-column elementor-col-100 elementor-top-column elementor-element elementor-element-37261b9\" data-id=\"37261b9\" data-element_type=\"column\" data-e-type=\"column\">\n\t\t\t<div class=\"elementor-widget-wrap elementor-element-populated\">\n\t\t\t\t\t\t<section class=\"elementor-section elementor-inner-section elementor-element elementor-element-c683e9b elementor-section-full_width elementor-section-content-top elementor-section-height-default elementor-section-height-default\" data-id=\"c683e9b\" data-element_type=\"section\" data-e-type=\"section\">\n\t\t\t\t\t\t<div class=\"elementor-container elementor-column-gap-no\">\n\t\t\t\t\t<div class=\"elementor-column elementor-col-50 elementor-inner-column elementor-element elementor-element-aba1a9f\" data-id=\"aba1a9f\" data-element_type=\"column\" data-e-type=\"column\">\n\t\t\t<div class=\"elementor-widget-wrap elementor-element-populated\">\n\t\t\t\t\t\t<div class=\"elementor-element elementor-element-0aa2b73 elementor-widget elementor-widget-ruffersectiontitle\" data-id=\"0aa2b73\" data-element_type=\"widget\" data-e-type=\"widget\" data-widget_type=\"ruffersectiontitle.default\">\n\t\t\t\t<div class=\"elementor-widget-container\">\n\t\t\t\t\t<div class=\"title-area-wrap\"><div class=\"title-area mb-30\" ><span class=\"sub-title subtitle-selector\">Entrer en contact<\/span><h2 class=\"sec-title title-selector\">Nous sommes pr\u00eats \u00e0 r\u00e9aliser vos projets<\/h2><\/div><p class=\"desc-selector mt-n2 mb-30\">Chez Modern'Alu, nous sommes toujours pr\u00eats \u00e0 vous aider, que ce soit pour discuter de vos projets, ou r\u00e9pondre \u00e0 vos questions. N'h\u00e9sitez pas \u00e0 nous contacter pour une assistance rapide et personnalis\u00e9e.<\/p><\/div>\t\t\t\t<\/div>\n\t\t\t\t<\/div>\n\t\t\t\t<div class=\"elementor-element elementor-element-107c536 elementor-widget elementor-widget-ruffercontactinfo\" data-id=\"107c536\" data-element_type=\"widget\" data-e-type=\"widget\" data-widget_type=\"ruffercontactinfo.default\">\n\t\t\t\t<div class=\"elementor-widget-container\">\n\t\t\t\t\t<!--==============================Contact Info Area==============================--><div class=\"row justify-content-center gy-30\"><div class=\"col-xl-6 col-lg-4 col-md-6\"><div class=\"contact-feature\"><div class=\"icon-btn\"><i class=\"far fa-envelope\"><\/i><\/div><div class=\"media-body\"><p class=\"contact-feature_label\">Adresse E-Mail<\/p><a href=\"mailto:contact@modernalu.fr\" class=\"contact-feature_link\">contact@modernalu.fr<\/a><a href=\"mailto:\" class=\"contact-feature_link\"><\/a><\/div><\/div><\/div><div class=\"col-xl-6 col-lg-4 col-md-6\"><div class=\"contact-feature\"><div class=\"icon-btn\"><i class=\"far fa-location-dot\"><\/i><\/div><div class=\"media-body\"><p class=\"contact-feature_label\">Localisation<\/p><a href=\"https:\/\/www.google.fr\/maps\/place\/Modern&#039;Alu\/@47.4784328,4.4380583,7z\/data=!4m10!1m2!2m1!1smodern&#039;alu!3m6!1s0x4796929ed5e33df5:0x6b7969a1da4b8fa0!8m2!3d48.9361767!4d7.7796896!15sCgptb2Rlcm4nYWx1kgEObWV0YWxfd29ya3Nob3DgAQA!16s%2Fg%2F1thz0m39?entry=ttu\" class=\"contact-feature_link\">Dieffenbach-l\u00e8s-W\u0153rth<\/a><\/div><\/div><\/div><\/div>\t\t\t\t<\/div>\n\t\t\t\t<\/div>\n\t\t\t\t\t<\/div>\n\t\t<\/div>\n\t\t\t\t<div class=\"elementor-column elementor-col-50 elementor-inner-column elementor-element elementor-element-5235f90\" data-id=\"5235f90\" data-element_type=\"column\" data-e-type=\"column\">\n\t\t\t<div class=\"elementor-widget-wrap\">\n\t\t\t\t\t\t\t<\/div>\n\t\t<\/div>\n\t\t\t\t\t<\/div>\n\t\t<\/section>\n\t\t\t\t\t<\/div>\n\t\t<\/div>\n\t\t\t\t\t<\/div>\n\t\t<\/section>\n\t\t\t\t<section class=\"elementor-section elementor-top-section elementor-element elementor-element-3d5e8f5 elementor-section-full_width elementor-section-height-default elementor-section-height-default\" data-id=\"3d5e8f5\" data-element_type=\"section\" data-e-type=\"section\">\n\t\t\t\t\t\t<div class=\"elementor-container elementor-column-gap-no\">\n\t\t\t\t\t<div class=\"elementor-column elementor-col-100 elementor-top-column elementor-element elementor-element-e24275c\" data-id=\"e24275c\" data-element_type=\"column\" data-e-type=\"column\">\n\t\t\t<div class=\"elementor-widget-wrap elementor-element-populated\">\n\t\t\t\t\t\t<div class=\"elementor-element elementor-element-c32e8d7 elementor-widget elementor-widget-google_maps\" data-id=\"c32e8d7\" data-element_type=\"widget\" data-e-type=\"widget\" data-widget_type=\"google_maps.default\">\n\t\t\t\t<div class=\"elementor-widget-container\">\n\t\t\t\t\t\t\t<div class=\"elementor-custom-embed\">\n\t\t\t<iframe loading=\"lazy\"\n\t\t\t\t\tsrc=\"https:\/\/maps.google.com\/maps?q=48.936158%2C%207.779684&#038;t=m&#038;z=10&#038;output=embed&#038;iwloc=near\"\n\t\t\t\t\ttitle=\"48.936158, 7.779684\"\n\t\t\t\t\taria-label=\"48.936158, 7.779684\"\n\t\t\t><\/iframe>\n\t\t<\/div>\n\t\t\t\t\t\t<\/div>\n\t\t\t\t<\/div>\n\t\t\t\t\t<\/div>\n\t\t<\/div>\n\t\t\t\t\t<\/div>\n\t\t<\/section>\n\t\t\t\t<\/div>\n\t\t","protected":false},"excerpt":{"rendered":"<p>Contact Modern Alu Vous souhaitez nous contacter ? Entrons en contact d\u00e8s maintenant ! Pour discuter de vos projets ou r\u00e9pondre \u00e0 vos questions. Voir notre FAQNos Services Contact Modern Alu Vous souhaitez nous contacter ? Entrons en contact d\u00e8s maintenant ! Pour discuter de vos projets ou r\u00e9pondre \u00e0 vos questions. Voir notre FAQNos&#8230;<\/p>\n","protected":false},"author":1,"featured_media":0,"parent":0,"menu_order":0,"comment_status":"closed","ping_status":"closed","template":"template-builder.php","meta":{"footnotes":""},"class_list":["post-1129","page","type-page","status-publish","hentry"],"yoast_head":"<!-- This site is optimized with the Yoast SEO plugin v27.5 - https:\/\/yoast.com\/product\/yoast-seo-wordpress\/ -->\n<title>Nous Contacter - Modern Alu - Menuiserie Alu, Serrurerie en Alsace<\/title>\n<meta name=\"description\" content=\"Contactez Modern&#039;Alu pour des solutions m\u00e9talliques sur mesure en Alsace. Discutons de votre projet ensemble.\" \/>\n<meta name=\"robots\" content=\"index, follow, max-snippet:-1, max-image-preview:large, max-video-preview:-1\" \/>\n<link rel=\"canonical\" href=\"https:\/\/modernalu.fr\/accueil-modernalu-metallerie-serrurerie-alsace\/nous-contacter\/\" \/>\n<meta property=\"og:locale\" content=\"fr_FR\" \/>\n<meta property=\"og:type\" content=\"article\" \/>\n<meta property=\"og:title\" content=\"Nous Contacter - Modern Alu - Menuiserie Alu, Serrurerie en Alsace\" \/>\n<meta property=\"og:description\" content=\"Contactez Modern&#039;Alu pour des solutions m\u00e9talliques sur mesure en Alsace. Discutons de votre projet ensemble.\" \/>\n<meta property=\"og:url\" content=\"https:\/\/modernalu.fr\/accueil-modernalu-metallerie-serrurerie-alsace\/nous-contacter\/\" \/>\n<meta property=\"og:site_name\" content=\"Modern Alu\" \/>\n<meta property=\"article:modified_time\" content=\"2024-09-03T17:49:53+00:00\" \/>\n<meta property=\"og:image\" content=\"https:\/\/modernalu.fr\/wp-content\/plugins\/ruffer-core\/assets\/img\/hero_bg_anime2-1.jpg\" \/>\n<meta name=\"twitter:card\" content=\"summary_large_image\" \/>\n<meta name=\"twitter:label1\" content=\"Dur\u00e9e de lecture estim\u00e9e\" \/>\n\t<meta name=\"twitter:data1\" content=\"2 minutes\" \/>\n<script type=\"application\/ld+json\" class=\"yoast-schema-graph\">{\"@context\":\"https:\\\/\\\/schema.org\",\"@graph\":[{\"@type\":[\"WebPage\",\"ContactPage\"],\"@id\":\"https:\\\/\\\/modernalu.fr\\\/accueil-modernalu-metallerie-serrurerie-alsace\\\/nous-contacter\\\/\",\"url\":\"https:\\\/\\\/modernalu.fr\\\/accueil-modernalu-metallerie-serrurerie-alsace\\\/nous-contacter\\\/\",\"name\":\"Nous Contacter - Modern Alu - Menuiserie Alu, Serrurerie en Alsace\",\"isPartOf\":{\"@id\":\"https:\\\/\\\/modernalu.fr\\\/accueil-modernalu-metallerie-serrurerie-alsace\\\/#website\"},\"primaryImageOfPage\":{\"@id\":\"https:\\\/\\\/modernalu.fr\\\/accueil-modernalu-metallerie-serrurerie-alsace\\\/nous-contacter\\\/#primaryimage\"},\"image\":{\"@id\":\"https:\\\/\\\/modernalu.fr\\\/accueil-modernalu-metallerie-serrurerie-alsace\\\/nous-contacter\\\/#primaryimage\"},\"thumbnailUrl\":\"https:\\\/\\\/modernalu.fr\\\/wp-content\\\/plugins\\\/ruffer-core\\\/assets\\\/img\\\/hero_bg_anime2-1.jpg\",\"datePublished\":\"2023-05-16T15:24:52+00:00\",\"dateModified\":\"2024-09-03T17:49:53+00:00\",\"description\":\"Contactez Modern'Alu pour des solutions m\u00e9talliques sur mesure en Alsace. Discutons de votre projet ensemble.\",\"breadcrumb\":{\"@id\":\"https:\\\/\\\/modernalu.fr\\\/accueil-modernalu-metallerie-serrurerie-alsace\\\/nous-contacter\\\/#breadcrumb\"},\"inLanguage\":\"fr-FR\",\"potentialAction\":[{\"@type\":\"ReadAction\",\"target\":[\"https:\\\/\\\/modernalu.fr\\\/accueil-modernalu-metallerie-serrurerie-alsace\\\/nous-contacter\\\/\"]}]},{\"@type\":\"ImageObject\",\"inLanguage\":\"fr-FR\",\"@id\":\"https:\\\/\\\/modernalu.fr\\\/accueil-modernalu-metallerie-serrurerie-alsace\\\/nous-contacter\\\/#primaryimage\",\"url\":\"https:\\\/\\\/modernalu.fr\\\/wp-content\\\/plugins\\\/ruffer-core\\\/assets\\\/img\\\/hero_bg_anime2-1.jpg\",\"contentUrl\":\"https:\\\/\\\/modernalu.fr\\\/wp-content\\\/plugins\\\/ruffer-core\\\/assets\\\/img\\\/hero_bg_anime2-1.jpg\"},{\"@type\":\"BreadcrumbList\",\"@id\":\"https:\\\/\\\/modernalu.fr\\\/accueil-modernalu-metallerie-serrurerie-alsace\\\/nous-contacter\\\/#breadcrumb\",\"itemListElement\":[{\"@type\":\"ListItem\",\"position\":1,\"name\":\"Home\",\"item\":\"https:\\\/\\\/modernalu.fr\\\/accueil-modernalu-metallerie-serrurerie-alsace\\\/\"},{\"@type\":\"ListItem\",\"position\":2,\"name\":\"Nous Contacter &#8211; Modern Alu\"}]},{\"@type\":\"WebSite\",\"@id\":\"https:\\\/\\\/modernalu.fr\\\/accueil-modernalu-metallerie-serrurerie-alsace\\\/#website\",\"url\":\"https:\\\/\\\/modernalu.fr\\\/accueil-modernalu-metallerie-serrurerie-alsace\\\/\",\"name\":\"Modern Alu\",\"description\":\"Solutions en Aluminium, Serrurerie, et M&eacute;tallerie sur Mesure en Alsace | France - Modern'Alu, l'Artisan de Vos Projets.\",\"publisher\":{\"@id\":\"https:\\\/\\\/modernalu.fr\\\/accueil-modernalu-metallerie-serrurerie-alsace\\\/#organization\"},\"potentialAction\":[{\"@type\":\"SearchAction\",\"target\":{\"@type\":\"EntryPoint\",\"urlTemplate\":\"https:\\\/\\\/modernalu.fr\\\/accueil-modernalu-metallerie-serrurerie-alsace\\\/?s={search_term_string}\"},\"query-input\":{\"@type\":\"PropertyValueSpecification\",\"valueRequired\":true,\"valueName\":\"search_term_string\"}}],\"inLanguage\":\"fr-FR\"},{\"@type\":\"Organization\",\"@id\":\"https:\\\/\\\/modernalu.fr\\\/accueil-modernalu-metallerie-serrurerie-alsace\\\/#organization\",\"name\":\"Modern Alu\",\"url\":\"https:\\\/\\\/modernalu.fr\\\/accueil-modernalu-metallerie-serrurerie-alsace\\\/\",\"logo\":{\"@type\":\"ImageObject\",\"inLanguage\":\"fr-FR\",\"@id\":\"https:\\\/\\\/modernalu.fr\\\/accueil-modernalu-metallerie-serrurerie-alsace\\\/#\\\/schema\\\/logo\\\/image\\\/\",\"url\":\"https:\\\/\\\/modernalu.fr\\\/wp-content\\\/uploads\\\/2023\\\/10\\\/logo-modernalu.png\",\"contentUrl\":\"https:\\\/\\\/modernalu.fr\\\/wp-content\\\/uploads\\\/2023\\\/10\\\/logo-modernalu.png\",\"width\":560,\"height\":253,\"caption\":\"Modern Alu\"},\"image\":{\"@id\":\"https:\\\/\\\/modernalu.fr\\\/accueil-modernalu-metallerie-serrurerie-alsace\\\/#\\\/schema\\\/logo\\\/image\\\/\"}}]}<\/script>\n<!-- \/ Yoast SEO plugin. -->","yoast_head_json":{"title":"Nous Contacter - Modern Alu - Menuiserie Alu, Serrurerie en Alsace","description":"Contactez Modern'Alu pour des solutions m\u00e9talliques sur mesure en Alsace. Discutons de votre projet ensemble.","robots":{"index":"index","follow":"follow","max-snippet":"max-snippet:-1","max-image-preview":"max-image-preview:large","max-video-preview":"max-video-preview:-1"},"canonical":"https:\/\/modernalu.fr\/accueil-modernalu-metallerie-serrurerie-alsace\/nous-contacter\/","og_locale":"fr_FR","og_type":"article","og_title":"Nous Contacter - Modern Alu - Menuiserie Alu, Serrurerie en Alsace","og_description":"Contactez Modern'Alu pour des solutions m\u00e9talliques sur mesure en Alsace. Discutons de votre projet ensemble.","og_url":"https:\/\/modernalu.fr\/accueil-modernalu-metallerie-serrurerie-alsace\/nous-contacter\/","og_site_name":"Modern Alu","article_modified_time":"2024-09-03T17:49:53+00:00","og_image":[{"url":"https:\/\/modernalu.fr\/wp-content\/plugins\/ruffer-core\/assets\/img\/hero_bg_anime2-1.jpg","type":"","width":"","height":""}],"twitter_card":"summary_large_image","twitter_misc":{"Dur\u00e9e de lecture estim\u00e9e":"2 minutes"},"schema":{"@context":"https:\/\/schema.org","@graph":[{"@type":["WebPage","ContactPage"],"@id":"https:\/\/modernalu.fr\/accueil-modernalu-metallerie-serrurerie-alsace\/nous-contacter\/","url":"https:\/\/modernalu.fr\/accueil-modernalu-metallerie-serrurerie-alsace\/nous-contacter\/","name":"Nous Contacter - Modern Alu - Menuiserie Alu, Serrurerie en Alsace","isPartOf":{"@id":"https:\/\/modernalu.fr\/accueil-modernalu-metallerie-serrurerie-alsace\/#website"},"primaryImageOfPage":{"@id":"https:\/\/modernalu.fr\/accueil-modernalu-metallerie-serrurerie-alsace\/nous-contacter\/#primaryimage"},"image":{"@id":"https:\/\/modernalu.fr\/accueil-modernalu-metallerie-serrurerie-alsace\/nous-contacter\/#primaryimage"},"thumbnailUrl":"https:\/\/modernalu.fr\/wp-content\/plugins\/ruffer-core\/assets\/img\/hero_bg_anime2-1.jpg","datePublished":"2023-05-16T15:24:52+00:00","dateModified":"2024-09-03T17:49:53+00:00","description":"Contactez Modern'Alu pour des solutions m\u00e9talliques sur mesure en Alsace. Discutons de votre projet ensemble.","breadcrumb":{"@id":"https:\/\/modernalu.fr\/accueil-modernalu-metallerie-serrurerie-alsace\/nous-contacter\/#breadcrumb"},"inLanguage":"fr-FR","potentialAction":[{"@type":"ReadAction","target":["https:\/\/modernalu.fr\/accueil-modernalu-metallerie-serrurerie-alsace\/nous-contacter\/"]}]},{"@type":"ImageObject","inLanguage":"fr-FR","@id":"https:\/\/modernalu.fr\/accueil-modernalu-metallerie-serrurerie-alsace\/nous-contacter\/#primaryimage","url":"https:\/\/modernalu.fr\/wp-content\/plugins\/ruffer-core\/assets\/img\/hero_bg_anime2-1.jpg","contentUrl":"https:\/\/modernalu.fr\/wp-content\/plugins\/ruffer-core\/assets\/img\/hero_bg_anime2-1.jpg"},{"@type":"BreadcrumbList","@id":"https:\/\/modernalu.fr\/accueil-modernalu-metallerie-serrurerie-alsace\/nous-contacter\/#breadcrumb","itemListElement":[{"@type":"ListItem","position":1,"name":"Home","item":"https:\/\/modernalu.fr\/accueil-modernalu-metallerie-serrurerie-alsace\/"},{"@type":"ListItem","position":2,"name":"Nous Contacter &#8211; Modern Alu"}]},{"@type":"WebSite","@id":"https:\/\/modernalu.fr\/accueil-modernalu-metallerie-serrurerie-alsace\/#website","url":"https:\/\/modernalu.fr\/accueil-modernalu-metallerie-serrurerie-alsace\/","name":"Modern Alu","description":"Solutions en Aluminium, Serrurerie, et M&eacute;tallerie sur Mesure en Alsace | France - Modern'Alu, l'Artisan de Vos Projets.","publisher":{"@id":"https:\/\/modernalu.fr\/accueil-modernalu-metallerie-serrurerie-alsace\/#organization"},"potentialAction":[{"@type":"SearchAction","target":{"@type":"EntryPoint","urlTemplate":"https:\/\/modernalu.fr\/accueil-modernalu-metallerie-serrurerie-alsace\/?s={search_term_string}"},"query-input":{"@type":"PropertyValueSpecification","valueRequired":true,"valueName":"search_term_string"}}],"inLanguage":"fr-FR"},{"@type":"Organization","@id":"https:\/\/modernalu.fr\/accueil-modernalu-metallerie-serrurerie-alsace\/#organization","name":"Modern Alu","url":"https:\/\/modernalu.fr\/accueil-modernalu-metallerie-serrurerie-alsace\/","logo":{"@type":"ImageObject","inLanguage":"fr-FR","@id":"https:\/\/modernalu.fr\/accueil-modernalu-metallerie-serrurerie-alsace\/#\/schema\/logo\/image\/","url":"https:\/\/modernalu.fr\/wp-content\/uploads\/2023\/10\/logo-modernalu.png","contentUrl":"https:\/\/modernalu.fr\/wp-content\/uploads\/2023\/10\/logo-modernalu.png","width":560,"height":253,"caption":"Modern Alu"},"image":{"@id":"https:\/\/modernalu.fr\/accueil-modernalu-metallerie-serrurerie-alsace\/#\/schema\/logo\/image\/"}}]}},"_links":{"self":[{"href":"https:\/\/modernalu.fr\/accueil-modernalu-metallerie-serrurerie-alsace\/wp-json\/wp\/v2\/pages\/1129","targetHints":{"allow":["GET"]}}],"collection":[{"href":"https:\/\/modernalu.fr\/accueil-modernalu-metallerie-serrurerie-alsace\/wp-json\/wp\/v2\/pages"}],"about":[{"href":"https:\/\/modernalu.fr\/accueil-modernalu-metallerie-serrurerie-alsace\/wp-json\/wp\/v2\/types\/page"}],"author":[{"embeddable":true,"href":"https:\/\/modernalu.fr\/accueil-modernalu-metallerie-serrurerie-alsace\/wp-json\/wp\/v2\/users\/1"}],"replies":[{"embeddable":true,"href":"https:\/\/modernalu.fr\/accueil-modernalu-metallerie-serrurerie-alsace\/wp-json\/wp\/v2\/comments?post=1129"}],"version-history":[{"count":217,"href":"https:\/\/modernalu.fr\/accueil-modernalu-metallerie-serrurerie-alsace\/wp-json\/wp\/v2\/pages\/1129\/revisions"}],"predecessor-version":[{"id":6094,"href":"https:\/\/modernalu.fr\/accueil-modernalu-metallerie-serrurerie-alsace\/wp-json\/wp\/v2\/pages\/1129\/revisions\/6094"}],"wp:attachment":[{"href":"https:\/\/modernalu.fr\/accueil-modernalu-metallerie-serrurerie-alsace\/wp-json\/wp\/v2\/media?parent=1129"}],"curies":[{"name":"wp","href":"https:\/\/api.w.org\/{rel}","templated":true}]}}