{"id":1177,"date":"2023-05-16T16:18:28","date_gmt":"2023-05-16T16:18:28","guid":{"rendered":"https:\/\/themeholy.com\/wordpress\/ruffer\/?page_id=1177"},"modified":"2024-04-25T08:37:12","modified_gmt":"2024-04-25T08:37:12","slug":"faq","status":"publish","type":"page","link":"https:\/\/modernalu.fr\/accueil-modernalu-metallerie-serrurerie-alsace\/faq\/","title":{"rendered":"FAQ Modern&#8217;Alu"},"content":{"rendered":"\t\t<div data-elementor-type=\"wp-page\" data-elementor-id=\"1177\" class=\"elementor elementor-1177\">\n\t\t\t\t<div class=\"elementor-element elementor-element-ad99d74 e-con-full elementor-hidden-desktop elementor-hidden-tablet e-flex e-con e-parent\" data-id=\"ad99d74\" data-element_type=\"container\" data-e-type=\"container\">\n\t\t\t\t<div class=\"elementor-element elementor-element-46d40736 elementor-widget__width-inherit elementor-widget elementor-widget-rufferbanner\" data-id=\"46d40736\" data-element_type=\"widget\" data-e-type=\"widget\" data-widget_type=\"rufferbanner.default\">\n\t\t\t\t<div class=\"elementor-widget-container\">\n\t\t\t\t\t<div class=\"th-hero-wrapper hero-5\" data-bg-src=\"https:\/\/modernalu.fr\/wp-content\/uploads\/2024\/04\/Design-sans-titre-34.webp\"><div class=\"container\"><div class=\"row justify-content-lg-start justify-content-center\"><div class=\"col-xl-7 col-md-8\"><div class=\"hero-style5 text-lg-start text-center\"><span class=\"hero-subtitle\">FAQ - Modern&#039;Alu<\/span><h1 class=\"hero-title text-white\">Bienvenue Sur La FAQ Modern Alu<\/h1><p class=\"hero-text text-white\">Bienvenue sur la page FAQ de Modern&#039;Alu, votre expert en menuiserie en aluminium, serrurerie, et m\u00e9tallerie en Alsace. \n\nNous avons rassembl\u00e9 les r\u00e9ponses aux questions les plus fr\u00e9quemment pos\u00e9es pour vous fournir toutes les informations dont vous avez besoin.<\/p><a href=\"https:\/\/modernalu.fr\/accueil-modernalu-metallerie-serrurerie-alsace\/nous-contacter\/\" class=\"th-btn style3\">Contactez-Nous<i class=\"fa-regular fa-arrow-right ms-3\"><\/i><\/a><\/div><\/div><\/div><\/div><\/div>\t\t\t\t<\/div>\n\t\t\t\t<\/div>\n\t\t\t\t<\/div>\n\t\t<div class=\"elementor-element elementor-element-339c915 e-con-full elementor-hidden-mobile e-flex e-con e-parent\" data-id=\"339c915\" data-element_type=\"container\" data-e-type=\"container\" data-settings=\"{&quot;background_background&quot;:&quot;classic&quot;}\">\n\t\t\t\t<div class=\"elementor-element elementor-element-ef4ccbf elementor-widget__width-inherit elementor-widget elementor-widget-rufferbanner\" data-id=\"ef4ccbf\" data-element_type=\"widget\" data-e-type=\"widget\" data-widget_type=\"rufferbanner.default\">\n\t\t\t\t<div class=\"elementor-widget-container\">\n\t\t\t\t\t<div class=\"th-hero-wrapper hero-5\" data-bg-src=\"https:\/\/modernalu.fr\/wp-content\/uploads\/2024\/04\/Design-sans-titre-35.webp\"><div class=\"container\"><div class=\"row justify-content-lg-start justify-content-center\"><div class=\"col-xl-7 col-md-8\"><div class=\"hero-style5 text-lg-start text-center\"><span class=\"hero-subtitle\">FAQ - Modern&#039;Alu<\/span><h1 class=\"hero-title text-white\">Bienvenue Sur La FAQ Modern Alu<\/h1><p class=\"hero-text text-white\">Bienvenue sur la page FAQ de Modern&#039;Alu, votre expert en menuiserie en aluminium, serrurerie, et m\u00e9tallerie en Alsace. \n\nNous avons rassembl\u00e9 les r\u00e9ponses aux questions les plus fr\u00e9quemment pos\u00e9es pour vous fournir toutes les informations dont vous avez besoin.<\/p><a href=\"https:\/\/modernalu.fr\/accueil-modernalu-metallerie-serrurerie-alsace\/nous-contacter\/\" class=\"th-btn style3\">Contactez-Nous<i class=\"fa-regular fa-arrow-right ms-3\"><\/i><\/a><\/div><\/div><\/div><\/div><\/div>\t\t\t\t<\/div>\n\t\t\t\t<\/div>\n\t\t\t\t<\/div>\n\t\t<div class=\"elementor-element elementor-element-738eb7f e-flex e-con-boxed e-con e-parent\" data-id=\"738eb7f\" data-element_type=\"container\" data-e-type=\"container\">\n\t\t\t\t\t<div class=\"e-con-inner\">\n\t\t\t\t<div class=\"elementor-element elementor-element-f75d6d0 elementor-widget elementor-widget-rufferfaq\" data-id=\"f75d6d0\" data-element_type=\"widget\" data-e-type=\"widget\" data-widget_type=\"rufferfaq.default\">\n\t\t\t\t<div class=\"elementor-widget-container\">\n\t\t\t\t\t<div class=\"accordion-area accordion\" id=\"faqAccordion\"><div class=\"accordion-card bg-smoke active\"><div class=\"accordion-header\" id=\"collapse-item-2\"><button class=\"accordion-button bg-smoke \" type=\"button\" data-bs-toggle=\"collapse\" data-bs-target=\"#collapse-1\" aria-expanded=\"true\" aria-controls=\"collapse-1\">Quels sont les services propos\u00e9s par Modern&#039;Alu ?<\/button><\/div><div id=\"collapse-1\" class=\"accordion-collapse collapse show \" aria-labelledby=\"collapse-item-1\" data-bs-parent=\"#faqAccordion\"><div class=\"accordion-body\"><p class=\"faq-text\">Modern&#039;Alu offre une gamme compl\u00e8te de services, y compris la menuiserie en aluminium, la serrurerie sur mesure, la cr\u00e9ation de portails, garde-corps, v\u00e9randas, pergolas, portes de garage, volets, et bien plus encore.<\/p><\/div><\/div><\/div><div class=\"accordion-card bg-smoke \"><div class=\"accordion-header\" id=\"collapse-item-2\"><button class=\"accordion-button bg-smoke collapsed\" type=\"button\" data-bs-toggle=\"collapse\" data-bs-target=\"#collapse-2\" aria-expanded=\"false\" aria-controls=\"collapse-2\">Comment Puis-Je Demander Un Devis Personnalis\u00e9 ?<\/button><\/div><div id=\"collapse-2\" class=\"accordion-collapse collapse  \" aria-labelledby=\"collapse-item-2\" data-bs-parent=\"#faqAccordion\"><div class=\"accordion-body\"><p class=\"faq-text\">Pour obtenir un devis personnalis\u00e9, utilisez simplement notre formulaire en ligne, appelez-nous au 03 88 54 09 39, ou envoyez-nous un e-mail \u00e0 contact@modernalu.fr. Nous vous r\u00e9pondrons dans les plus brefs d\u00e9lais.<\/p><\/div><\/div><\/div><div class=\"accordion-card bg-smoke \"><div class=\"accordion-header\" id=\"collapse-item-2\"><button class=\"accordion-button bg-smoke collapsed\" type=\"button\" data-bs-toggle=\"collapse\" data-bs-target=\"#collapse-3\" aria-expanded=\"false\" aria-controls=\"collapse-3\">Travaillez-Vous Avec Les Particuliers Ou Professionnels ?<\/button><\/div><div id=\"collapse-3\" class=\"accordion-collapse collapse  \" aria-labelledby=\"collapse-item-3\" data-bs-parent=\"#faqAccordion\"><div class=\"accordion-body\"><p class=\"faq-text\">Que vous soyez un particulier cherchant \u00e0 embellir votre espace ou un professionnel exigeant des solutions sur mesure, notre expertise en m\u00e9tallerie, menuiserie d&#039;aluminium, et serrurerie est \u00e0 votre service. Quelle que soit votre demande, nous sommes l\u00e0 pour transformer vos id\u00e9es en r\u00e9alit\u00e9.<\/p><\/div><\/div><\/div><div class=\"accordion-card bg-smoke \"><div class=\"accordion-header\" id=\"collapse-item-2\"><button class=\"accordion-button bg-smoke collapsed\" type=\"button\" data-bs-toggle=\"collapse\" data-bs-target=\"#collapse-4\" aria-expanded=\"false\" aria-controls=\"collapse-4\">Quelle est la zone d&#039;intervention de Modern&#039;Alu ?<\/button><\/div><div id=\"collapse-4\" class=\"accordion-collapse collapse  \" aria-labelledby=\"collapse-item-4\" data-bs-parent=\"#faqAccordion\"><div class=\"accordion-body\"><p class=\"faq-text\">Nous sommes bas\u00e9s \u00e0 Dieffenbach-l\u00e8s-Woerth, en Alsace, et nous servons toute la r\u00e9gion et ses environs. N&#039;h\u00e9sitez pas \u00e0 nous contacter pour discuter de votre projet, peu importe votre localisation en Alsace.<\/p><\/div><\/div><\/div><div class=\"accordion-card bg-smoke \"><div class=\"accordion-header\" id=\"collapse-item-2\"><button class=\"accordion-button bg-smoke collapsed\" type=\"button\" data-bs-toggle=\"collapse\" data-bs-target=\"#collapse-5\" aria-expanded=\"false\" aria-controls=\"collapse-5\">Comment garantissez-vous la qualit\u00e9 de vos produits ?<\/button><\/div><div id=\"collapse-5\" class=\"accordion-collapse collapse  \" aria-labelledby=\"collapse-item-5\" data-bs-parent=\"#faqAccordion\"><div class=\"accordion-body\"><p class=\"faq-text\">Chez Modern&#039;Alu, la qualit\u00e9 est notre priorit\u00e9. Nous utilisons des mat\u00e9riaux de tr\u00e8s haute qualit\u00e9 s\u00e9lectionn\u00e9s avec soins chez nos meilleurs fournisseurs, combin\u00e9s \u00e0 un savoir-faire artisanal de longue date, pour garantir la durabilit\u00e9 et l&#039;esth\u00e9tique de chaque projet.<\/p><\/div><\/div><\/div><div class=\"accordion-card bg-smoke \"><div class=\"accordion-header\" id=\"collapse-item-2\"><button class=\"accordion-button bg-smoke collapsed\" type=\"button\" data-bs-toggle=\"collapse\" data-bs-target=\"#collapse-6\" aria-expanded=\"false\" aria-controls=\"collapse-6\">Pouvez-vous personnaliser les projets en fonction de mes besoins sp\u00e9cifiques ?<\/button><\/div><div id=\"collapse-6\" class=\"accordion-collapse collapse  \" aria-labelledby=\"collapse-item-6\" data-bs-parent=\"#faqAccordion\"><div class=\"accordion-body\"><p class=\"faq-text\">Absolument. Notre \u00e9quipe d\u00e9di\u00e9e est sp\u00e9cialis\u00e9e dans la personnalisation totale. Nous travaillons \u00e9troitement avec chaque client pour comprendre leurs besoins uniques et cr\u00e9er des solutions sur mesure qui d\u00e9passent leurs attentes.<\/p><\/div><\/div><\/div><\/div>\t\t\t\t<\/div>\n\t\t\t\t<\/div>\n\t\t\t\t\t<\/div>\n\t\t\t\t<\/div>\n\t\t\t\t<\/div>\n\t\t","protected":false},"excerpt":{"rendered":"<p>FAQ &#8211; Modern&#039;Alu Bienvenue Sur La FAQ Modern Alu Bienvenue sur la page FAQ de Modern&#039;Alu, votre expert en menuiserie en aluminium, serrurerie, et m\u00e9tallerie en Alsace. Nous avons rassembl\u00e9 les r\u00e9ponses aux questions les plus fr\u00e9quemment pos\u00e9es pour vous fournir toutes les informations dont vous avez besoin. Contactez-Nous FAQ &#8211; Modern&#039;Alu Bienvenue Sur La&#8230;<\/p>\n","protected":false},"author":1,"featured_media":0,"parent":0,"menu_order":0,"comment_status":"closed","ping_status":"closed","template":"elementor_header_footer","meta":{"footnotes":""},"class_list":["post-1177","page","type-page","status-publish","hentry"],"yoast_head":"<!-- This site is optimized with the Yoast SEO plugin v27.5 - https:\/\/yoast.com\/product\/yoast-seo-wordpress\/ -->\n<title>FAQ - Modern Alu - Menuiserie en Aluminium, Serrurerie en Alsace | France<\/title>\n<meta name=\"description\" content=\"R\u00e9ponses aux questions fr\u00e9quentes sur les services de Modern&#039;Alu. Obtenez des informations d\u00e9taill\u00e9es sur la menuiserie aluminium.\" \/>\n<meta name=\"robots\" content=\"index, follow, max-snippet:-1, max-image-preview:large, max-video-preview:-1\" \/>\n<link rel=\"canonical\" href=\"https:\/\/modernalu.fr\/accueil-modernalu-metallerie-serrurerie-alsace\/faq\/\" \/>\n<meta property=\"og:locale\" content=\"fr_FR\" \/>\n<meta property=\"og:type\" content=\"article\" \/>\n<meta property=\"og:title\" content=\"FAQ - Modern Alu - Menuiserie en Aluminium, Serrurerie en Alsace | France\" \/>\n<meta property=\"og:description\" content=\"R\u00e9ponses aux questions fr\u00e9quentes sur les services de Modern&#039;Alu. Obtenez des informations d\u00e9taill\u00e9es sur la menuiserie aluminium.\" \/>\n<meta property=\"og:url\" content=\"https:\/\/modernalu.fr\/accueil-modernalu-metallerie-serrurerie-alsace\/faq\/\" \/>\n<meta property=\"og:site_name\" content=\"Modern Alu\" \/>\n<meta property=\"article:modified_time\" content=\"2024-04-25T08:37:12+00:00\" \/>\n<meta name=\"twitter:card\" content=\"summary_large_image\" \/>\n<meta name=\"twitter:label1\" content=\"Dur\u00e9e de lecture estim\u00e9e\" \/>\n\t<meta name=\"twitter:data1\" content=\"2 minutes\" \/>\n<script type=\"application\/ld+json\" class=\"yoast-schema-graph\">{\"@context\":\"https:\\\/\\\/schema.org\",\"@graph\":[{\"@type\":[\"WebPage\",\"FAQPage\"],\"@id\":\"https:\\\/\\\/modernalu.fr\\\/accueil-modernalu-metallerie-serrurerie-alsace\\\/faq\\\/\",\"url\":\"https:\\\/\\\/modernalu.fr\\\/accueil-modernalu-metallerie-serrurerie-alsace\\\/faq\\\/\",\"name\":\"FAQ - Modern Alu - Menuiserie en Aluminium, Serrurerie en Alsace | France\",\"isPartOf\":{\"@id\":\"https:\\\/\\\/modernalu.fr\\\/accueil-modernalu-metallerie-serrurerie-alsace\\\/#website\"},\"datePublished\":\"2023-05-16T16:18:28+00:00\",\"dateModified\":\"2024-04-25T08:37:12+00:00\",\"description\":\"R\u00e9ponses aux questions fr\u00e9quentes sur les services de Modern'Alu. Obtenez des informations d\u00e9taill\u00e9es sur la menuiserie aluminium.\",\"breadcrumb\":{\"@id\":\"https:\\\/\\\/modernalu.fr\\\/accueil-modernalu-metallerie-serrurerie-alsace\\\/faq\\\/#breadcrumb\"},\"inLanguage\":\"fr-FR\",\"potentialAction\":[{\"@type\":\"ReadAction\",\"target\":[\"https:\\\/\\\/modernalu.fr\\\/accueil-modernalu-metallerie-serrurerie-alsace\\\/faq\\\/\"]}]},{\"@type\":\"BreadcrumbList\",\"@id\":\"https:\\\/\\\/modernalu.fr\\\/accueil-modernalu-metallerie-serrurerie-alsace\\\/faq\\\/#breadcrumb\",\"itemListElement\":[{\"@type\":\"ListItem\",\"position\":1,\"name\":\"Home\",\"item\":\"https:\\\/\\\/modernalu.fr\\\/accueil-modernalu-metallerie-serrurerie-alsace\\\/\"},{\"@type\":\"ListItem\",\"position\":2,\"name\":\"FAQ Modern&rsquo;Alu\"}]},{\"@type\":\"WebSite\",\"@id\":\"https:\\\/\\\/modernalu.fr\\\/accueil-modernalu-metallerie-serrurerie-alsace\\\/#website\",\"url\":\"https:\\\/\\\/modernalu.fr\\\/accueil-modernalu-metallerie-serrurerie-alsace\\\/\",\"name\":\"Modern Alu\",\"description\":\"Solutions en Aluminium, Serrurerie, et M&eacute;tallerie sur Mesure en Alsace | France - Modern'Alu, l'Artisan de Vos Projets.\",\"publisher\":{\"@id\":\"https:\\\/\\\/modernalu.fr\\\/accueil-modernalu-metallerie-serrurerie-alsace\\\/#organization\"},\"potentialAction\":[{\"@type\":\"SearchAction\",\"target\":{\"@type\":\"EntryPoint\",\"urlTemplate\":\"https:\\\/\\\/modernalu.fr\\\/accueil-modernalu-metallerie-serrurerie-alsace\\\/?s={search_term_string}\"},\"query-input\":{\"@type\":\"PropertyValueSpecification\",\"valueRequired\":true,\"valueName\":\"search_term_string\"}}],\"inLanguage\":\"fr-FR\"},{\"@type\":\"Organization\",\"@id\":\"https:\\\/\\\/modernalu.fr\\\/accueil-modernalu-metallerie-serrurerie-alsace\\\/#organization\",\"name\":\"Modern Alu\",\"url\":\"https:\\\/\\\/modernalu.fr\\\/accueil-modernalu-metallerie-serrurerie-alsace\\\/\",\"logo\":{\"@type\":\"ImageObject\",\"inLanguage\":\"fr-FR\",\"@id\":\"https:\\\/\\\/modernalu.fr\\\/accueil-modernalu-metallerie-serrurerie-alsace\\\/#\\\/schema\\\/logo\\\/image\\\/\",\"url\":\"https:\\\/\\\/modernalu.fr\\\/wp-content\\\/uploads\\\/2023\\\/10\\\/logo-modernalu.png\",\"contentUrl\":\"https:\\\/\\\/modernalu.fr\\\/wp-content\\\/uploads\\\/2023\\\/10\\\/logo-modernalu.png\",\"width\":560,\"height\":253,\"caption\":\"Modern Alu\"},\"image\":{\"@id\":\"https:\\\/\\\/modernalu.fr\\\/accueil-modernalu-metallerie-serrurerie-alsace\\\/#\\\/schema\\\/logo\\\/image\\\/\"}}]}<\/script>\n<!-- \/ Yoast SEO plugin. -->","yoast_head_json":{"title":"FAQ - Modern Alu - Menuiserie en Aluminium, Serrurerie en Alsace | France","description":"R\u00e9ponses aux questions fr\u00e9quentes sur les services de Modern'Alu. Obtenez des informations d\u00e9taill\u00e9es sur la menuiserie aluminium.","robots":{"index":"index","follow":"follow","max-snippet":"max-snippet:-1","max-image-preview":"max-image-preview:large","max-video-preview":"max-video-preview:-1"},"canonical":"https:\/\/modernalu.fr\/accueil-modernalu-metallerie-serrurerie-alsace\/faq\/","og_locale":"fr_FR","og_type":"article","og_title":"FAQ - Modern Alu - Menuiserie en Aluminium, Serrurerie en Alsace | France","og_description":"R\u00e9ponses aux questions fr\u00e9quentes sur les services de Modern'Alu. Obtenez des informations d\u00e9taill\u00e9es sur la menuiserie aluminium.","og_url":"https:\/\/modernalu.fr\/accueil-modernalu-metallerie-serrurerie-alsace\/faq\/","og_site_name":"Modern Alu","article_modified_time":"2024-04-25T08:37:12+00:00","twitter_card":"summary_large_image","twitter_misc":{"Dur\u00e9e de lecture estim\u00e9e":"2 minutes"},"schema":{"@context":"https:\/\/schema.org","@graph":[{"@type":["WebPage","FAQPage"],"@id":"https:\/\/modernalu.fr\/accueil-modernalu-metallerie-serrurerie-alsace\/faq\/","url":"https:\/\/modernalu.fr\/accueil-modernalu-metallerie-serrurerie-alsace\/faq\/","name":"FAQ - Modern Alu - Menuiserie en Aluminium, Serrurerie en Alsace | France","isPartOf":{"@id":"https:\/\/modernalu.fr\/accueil-modernalu-metallerie-serrurerie-alsace\/#website"},"datePublished":"2023-05-16T16:18:28+00:00","dateModified":"2024-04-25T08:37:12+00:00","description":"R\u00e9ponses aux questions fr\u00e9quentes sur les services de Modern'Alu. Obtenez des informations d\u00e9taill\u00e9es sur la menuiserie aluminium.","breadcrumb":{"@id":"https:\/\/modernalu.fr\/accueil-modernalu-metallerie-serrurerie-alsace\/faq\/#breadcrumb"},"inLanguage":"fr-FR","potentialAction":[{"@type":"ReadAction","target":["https:\/\/modernalu.fr\/accueil-modernalu-metallerie-serrurerie-alsace\/faq\/"]}]},{"@type":"BreadcrumbList","@id":"https:\/\/modernalu.fr\/accueil-modernalu-metallerie-serrurerie-alsace\/faq\/#breadcrumb","itemListElement":[{"@type":"ListItem","position":1,"name":"Home","item":"https:\/\/modernalu.fr\/accueil-modernalu-metallerie-serrurerie-alsace\/"},{"@type":"ListItem","position":2,"name":"FAQ Modern&rsquo;Alu"}]},{"@type":"WebSite","@id":"https:\/\/modernalu.fr\/accueil-modernalu-metallerie-serrurerie-alsace\/#website","url":"https:\/\/modernalu.fr\/accueil-modernalu-metallerie-serrurerie-alsace\/","name":"Modern Alu","description":"Solutions en Aluminium, Serrurerie, et M&eacute;tallerie sur Mesure en Alsace | France - Modern'Alu, l'Artisan de Vos Projets.","publisher":{"@id":"https:\/\/modernalu.fr\/accueil-modernalu-metallerie-serrurerie-alsace\/#organization"},"potentialAction":[{"@type":"SearchAction","target":{"@type":"EntryPoint","urlTemplate":"https:\/\/modernalu.fr\/accueil-modernalu-metallerie-serrurerie-alsace\/?s={search_term_string}"},"query-input":{"@type":"PropertyValueSpecification","valueRequired":true,"valueName":"search_term_string"}}],"inLanguage":"fr-FR"},{"@type":"Organization","@id":"https:\/\/modernalu.fr\/accueil-modernalu-metallerie-serrurerie-alsace\/#organization","name":"Modern Alu","url":"https:\/\/modernalu.fr\/accueil-modernalu-metallerie-serrurerie-alsace\/","logo":{"@type":"ImageObject","inLanguage":"fr-FR","@id":"https:\/\/modernalu.fr\/accueil-modernalu-metallerie-serrurerie-alsace\/#\/schema\/logo\/image\/","url":"https:\/\/modernalu.fr\/wp-content\/uploads\/2023\/10\/logo-modernalu.png","contentUrl":"https:\/\/modernalu.fr\/wp-content\/uploads\/2023\/10\/logo-modernalu.png","width":560,"height":253,"caption":"Modern Alu"},"image":{"@id":"https:\/\/modernalu.fr\/accueil-modernalu-metallerie-serrurerie-alsace\/#\/schema\/logo\/image\/"}}]}},"_links":{"self":[{"href":"https:\/\/modernalu.fr\/accueil-modernalu-metallerie-serrurerie-alsace\/wp-json\/wp\/v2\/pages\/1177","targetHints":{"allow":["GET"]}}],"collection":[{"href":"https:\/\/modernalu.fr\/accueil-modernalu-metallerie-serrurerie-alsace\/wp-json\/wp\/v2\/pages"}],"about":[{"href":"https:\/\/modernalu.fr\/accueil-modernalu-metallerie-serrurerie-alsace\/wp-json\/wp\/v2\/types\/page"}],"author":[{"embeddable":true,"href":"https:\/\/modernalu.fr\/accueil-modernalu-metallerie-serrurerie-alsace\/wp-json\/wp\/v2\/users\/1"}],"replies":[{"embeddable":true,"href":"https:\/\/modernalu.fr\/accueil-modernalu-metallerie-serrurerie-alsace\/wp-json\/wp\/v2\/comments?post=1177"}],"version-history":[{"count":179,"href":"https:\/\/modernalu.fr\/accueil-modernalu-metallerie-serrurerie-alsace\/wp-json\/wp\/v2\/pages\/1177\/revisions"}],"predecessor-version":[{"id":5877,"href":"https:\/\/modernalu.fr\/accueil-modernalu-metallerie-serrurerie-alsace\/wp-json\/wp\/v2\/pages\/1177\/revisions\/5877"}],"wp:attachment":[{"href":"https:\/\/modernalu.fr\/accueil-modernalu-metallerie-serrurerie-alsace\/wp-json\/wp\/v2\/media?parent=1177"}],"curies":[{"name":"wp","href":"https:\/\/api.w.org\/{rel}","templated":true}]}}