{"id":6098,"date":"2024-09-24T07:44:04","date_gmt":"2024-09-24T07:44:04","guid":{"rendered":"https:\/\/modernalu.fr\/accueil-modernalu-metallerie-serrurerie-alsace\/?page_id=6098"},"modified":"2024-09-24T07:46:34","modified_gmt":"2024-09-24T07:46:34","slug":"mentions-legales","status":"publish","type":"page","link":"https:\/\/modernalu.fr\/accueil-modernalu-metallerie-serrurerie-alsace\/mentions-legales\/","title":{"rendered":"Mentions l\u00e9gales"},"content":{"rendered":"\n<p><\/p>\n\n\n\n<p><strong>\u00c9diteur du site :<\/strong><br>Modern&#8217;Alu<br>SIREN : 481 133 643<br>Adresse : ROUTE DE WOERTH, 67360 DIEFFENBACH-LES-WOERTH<br>T\u00e9l\u00e9phone : 03 88 54 09 39<br>Email : <a>contact@modernalu.fr<\/a><br>Directeur de publication : Thomas Bardol (G\u00e9rant)<\/p>\n\n\n\n<p><strong>H\u00e9bergement du site :<\/strong><br>Ionos<br>Adresse : <a href=\"https:\/\/www.google.com\/maps\/place\/\/data=!4m2!3m1!1s0x4794359e74568233:0xa0aea84146fca846?sa=X&amp;ved=1t:8290&amp;ictx=111\">7 Pl. de la Gare, 57200 Sarreguemines<\/a><br>T\u00e9l\u00e9phone : <a href=\"https:\/\/www.google.com\/search?q=ionos+adresse+57&amp;oq=ionos+adresse+57&amp;gs_lcrp=EgZjaHJvbWUyBggAEEUYOTIKCAEQABiABBiiBDIKCAIQABiABBiiBDIKCAMQABiABBiiBDIKCAQQABiABBiiBNIBCDQ4MjdqMGoxqAIAsAIA&amp;sourceid=chrome&amp;ie=UTF-8#\">09 70 80 89 11<\/a><\/p>\n\n\n\n<p><strong>Propri\u00e9t\u00e9 intellectuelle :<\/strong><br>Le site ainsi que son contenu sont prot\u00e9g\u00e9s par la l\u00e9gislation fran\u00e7aise en mati\u00e8re de propri\u00e9t\u00e9 intellectuelle. Toute reproduction totale ou partielle du contenu est interdite sans autorisation pr\u00e9alable.<\/p>\n\n\n\n<p><strong>Donn\u00e9es personnelles :<\/strong><br>Modern&#8217;Alu s&#8217;engage \u00e0 respecter la confidentialit\u00e9 des donn\u00e9es personnelles collect\u00e9es sur le site. Conform\u00e9ment \u00e0 la loi Informatique et Libert\u00e9s du 6 janvier 1978, vous disposez d&#8217;un droit d&#8217;acc\u00e8s, de modification et de suppression de vos donn\u00e9es.<\/p>\n\n\n\n<p><strong>Cookies :<\/strong><br>Le site peut utiliser des cookies pour am\u00e9liorer l&#8217;exp\u00e9rience utilisateur. En poursuivant votre navigation sur ce site, vous acceptez l&#8217;utilisation de cookies.<\/p>\n\n\n\n<p><strong>Litiges :<\/strong><br>En cas de litige, les tribunaux comp\u00e9tents seront ceux du ressort du si\u00e8ge social de l&#8217;entreprise.<\/p>\n","protected":false},"excerpt":{"rendered":"<p>\u00c9diteur du site :Modern&#8217;AluSIREN : 481 133 643Adresse : ROUTE DE WOERTH, 67360 DIEFFENBACH-LES-WOERTHT\u00e9l\u00e9phone : 03 88 54 09 39Email : contact@modernalu.frDirecteur de publication : Thomas Bardol (G\u00e9rant) H\u00e9bergement du site :IonosAdresse : 7 Pl. de la Gare, 57200 SarregueminesT\u00e9l\u00e9phone : 09 70 80 89 11 Propri\u00e9t\u00e9 intellectuelle :Le site ainsi que son contenu sont&#8230;<\/p>\n","protected":false},"author":2,"featured_media":0,"parent":0,"menu_order":0,"comment_status":"closed","ping_status":"closed","template":"","meta":{"footnotes":""},"class_list":["post-6098","page","type-page","status-publish","hentry","page--item"],"yoast_head":"<!-- This site is optimized with the Yoast SEO plugin v27.5 - https:\/\/yoast.com\/product\/yoast-seo-wordpress\/ -->\n<title>Mentions l\u00e9gales - Modern Alu<\/title>\n<meta name=\"description\" content=\"Voici les mentions l\u00e9gales de Modern&#039;alu \u00e0 Dieffenbach-l\u00e8s-Woerth en Alsace. Metallerie, serrurerie et menuiserie aluminium sur-mesure.\" \/>\n<meta name=\"robots\" content=\"index, follow, max-snippet:-1, max-image-preview:large, max-video-preview:-1\" \/>\n<link rel=\"canonical\" href=\"https:\/\/modernalu.fr\/accueil-modernalu-metallerie-serrurerie-alsace\/mentions-legales\/\" \/>\n<meta property=\"og:locale\" content=\"fr_FR\" \/>\n<meta property=\"og:type\" content=\"article\" \/>\n<meta property=\"og:title\" content=\"Mentions l\u00e9gales - Modern Alu\" \/>\n<meta property=\"og:description\" content=\"Voici les mentions l\u00e9gales de Modern&#039;alu \u00e0 Dieffenbach-l\u00e8s-Woerth en Alsace. Metallerie, serrurerie et menuiserie aluminium sur-mesure.\" \/>\n<meta property=\"og:url\" content=\"https:\/\/modernalu.fr\/accueil-modernalu-metallerie-serrurerie-alsace\/mentions-legales\/\" \/>\n<meta property=\"og:site_name\" content=\"Modern Alu\" \/>\n<meta property=\"article:modified_time\" content=\"2024-09-24T07:46:34+00:00\" \/>\n<meta name=\"twitter:card\" content=\"summary_large_image\" \/>\n<meta name=\"twitter:label1\" content=\"Dur\u00e9e de lecture estim\u00e9e\" \/>\n\t<meta name=\"twitter:data1\" content=\"1 minute\" \/>\n<script type=\"application\/ld+json\" class=\"yoast-schema-graph\">{\"@context\":\"https:\\\/\\\/schema.org\",\"@graph\":[{\"@type\":\"WebPage\",\"@id\":\"https:\\\/\\\/modernalu.fr\\\/accueil-modernalu-metallerie-serrurerie-alsace\\\/mentions-legales\\\/\",\"url\":\"https:\\\/\\\/modernalu.fr\\\/accueil-modernalu-metallerie-serrurerie-alsace\\\/mentions-legales\\\/\",\"name\":\"Mentions l\u00e9gales - Modern Alu\",\"isPartOf\":{\"@id\":\"https:\\\/\\\/modernalu.fr\\\/accueil-modernalu-metallerie-serrurerie-alsace\\\/#website\"},\"datePublished\":\"2024-09-24T07:44:04+00:00\",\"dateModified\":\"2024-09-24T07:46:34+00:00\",\"description\":\"Voici les mentions l\u00e9gales de Modern'alu \u00e0 Dieffenbach-l\u00e8s-Woerth en Alsace. Metallerie, serrurerie et menuiserie aluminium sur-mesure.\",\"breadcrumb\":{\"@id\":\"https:\\\/\\\/modernalu.fr\\\/accueil-modernalu-metallerie-serrurerie-alsace\\\/mentions-legales\\\/#breadcrumb\"},\"inLanguage\":\"fr-FR\",\"potentialAction\":[{\"@type\":\"ReadAction\",\"target\":[\"https:\\\/\\\/modernalu.fr\\\/accueil-modernalu-metallerie-serrurerie-alsace\\\/mentions-legales\\\/\"]}]},{\"@type\":\"BreadcrumbList\",\"@id\":\"https:\\\/\\\/modernalu.fr\\\/accueil-modernalu-metallerie-serrurerie-alsace\\\/mentions-legales\\\/#breadcrumb\",\"itemListElement\":[{\"@type\":\"ListItem\",\"position\":1,\"name\":\"Home\",\"item\":\"https:\\\/\\\/modernalu.fr\\\/accueil-modernalu-metallerie-serrurerie-alsace\\\/\"},{\"@type\":\"ListItem\",\"position\":2,\"name\":\"Mentions l\u00e9gales\"}]},{\"@type\":\"WebSite\",\"@id\":\"https:\\\/\\\/modernalu.fr\\\/accueil-modernalu-metallerie-serrurerie-alsace\\\/#website\",\"url\":\"https:\\\/\\\/modernalu.fr\\\/accueil-modernalu-metallerie-serrurerie-alsace\\\/\",\"name\":\"Modern Alu\",\"description\":\"Solutions en Aluminium, Serrurerie, et M&eacute;tallerie sur Mesure en Alsace | France - Modern'Alu, l'Artisan de Vos Projets.\",\"publisher\":{\"@id\":\"https:\\\/\\\/modernalu.fr\\\/accueil-modernalu-metallerie-serrurerie-alsace\\\/#organization\"},\"potentialAction\":[{\"@type\":\"SearchAction\",\"target\":{\"@type\":\"EntryPoint\",\"urlTemplate\":\"https:\\\/\\\/modernalu.fr\\\/accueil-modernalu-metallerie-serrurerie-alsace\\\/?s={search_term_string}\"},\"query-input\":{\"@type\":\"PropertyValueSpecification\",\"valueRequired\":true,\"valueName\":\"search_term_string\"}}],\"inLanguage\":\"fr-FR\"},{\"@type\":\"Organization\",\"@id\":\"https:\\\/\\\/modernalu.fr\\\/accueil-modernalu-metallerie-serrurerie-alsace\\\/#organization\",\"name\":\"Modern Alu\",\"url\":\"https:\\\/\\\/modernalu.fr\\\/accueil-modernalu-metallerie-serrurerie-alsace\\\/\",\"logo\":{\"@type\":\"ImageObject\",\"inLanguage\":\"fr-FR\",\"@id\":\"https:\\\/\\\/modernalu.fr\\\/accueil-modernalu-metallerie-serrurerie-alsace\\\/#\\\/schema\\\/logo\\\/image\\\/\",\"url\":\"https:\\\/\\\/modernalu.fr\\\/wp-content\\\/uploads\\\/2023\\\/10\\\/logo-modernalu.png\",\"contentUrl\":\"https:\\\/\\\/modernalu.fr\\\/wp-content\\\/uploads\\\/2023\\\/10\\\/logo-modernalu.png\",\"width\":560,\"height\":253,\"caption\":\"Modern Alu\"},\"image\":{\"@id\":\"https:\\\/\\\/modernalu.fr\\\/accueil-modernalu-metallerie-serrurerie-alsace\\\/#\\\/schema\\\/logo\\\/image\\\/\"}}]}<\/script>\n<!-- \/ Yoast SEO plugin. -->","yoast_head_json":{"title":"Mentions l\u00e9gales - Modern Alu","description":"Voici les mentions l\u00e9gales de Modern'alu \u00e0 Dieffenbach-l\u00e8s-Woerth en Alsace. Metallerie, serrurerie et menuiserie aluminium sur-mesure.","robots":{"index":"index","follow":"follow","max-snippet":"max-snippet:-1","max-image-preview":"max-image-preview:large","max-video-preview":"max-video-preview:-1"},"canonical":"https:\/\/modernalu.fr\/accueil-modernalu-metallerie-serrurerie-alsace\/mentions-legales\/","og_locale":"fr_FR","og_type":"article","og_title":"Mentions l\u00e9gales - Modern Alu","og_description":"Voici les mentions l\u00e9gales de Modern'alu \u00e0 Dieffenbach-l\u00e8s-Woerth en Alsace. Metallerie, serrurerie et menuiserie aluminium sur-mesure.","og_url":"https:\/\/modernalu.fr\/accueil-modernalu-metallerie-serrurerie-alsace\/mentions-legales\/","og_site_name":"Modern Alu","article_modified_time":"2024-09-24T07:46:34+00:00","twitter_card":"summary_large_image","twitter_misc":{"Dur\u00e9e de lecture estim\u00e9e":"1 minute"},"schema":{"@context":"https:\/\/schema.org","@graph":[{"@type":"WebPage","@id":"https:\/\/modernalu.fr\/accueil-modernalu-metallerie-serrurerie-alsace\/mentions-legales\/","url":"https:\/\/modernalu.fr\/accueil-modernalu-metallerie-serrurerie-alsace\/mentions-legales\/","name":"Mentions l\u00e9gales - Modern Alu","isPartOf":{"@id":"https:\/\/modernalu.fr\/accueil-modernalu-metallerie-serrurerie-alsace\/#website"},"datePublished":"2024-09-24T07:44:04+00:00","dateModified":"2024-09-24T07:46:34+00:00","description":"Voici les mentions l\u00e9gales de Modern'alu \u00e0 Dieffenbach-l\u00e8s-Woerth en Alsace. Metallerie, serrurerie et menuiserie aluminium sur-mesure.","breadcrumb":{"@id":"https:\/\/modernalu.fr\/accueil-modernalu-metallerie-serrurerie-alsace\/mentions-legales\/#breadcrumb"},"inLanguage":"fr-FR","potentialAction":[{"@type":"ReadAction","target":["https:\/\/modernalu.fr\/accueil-modernalu-metallerie-serrurerie-alsace\/mentions-legales\/"]}]},{"@type":"BreadcrumbList","@id":"https:\/\/modernalu.fr\/accueil-modernalu-metallerie-serrurerie-alsace\/mentions-legales\/#breadcrumb","itemListElement":[{"@type":"ListItem","position":1,"name":"Home","item":"https:\/\/modernalu.fr\/accueil-modernalu-metallerie-serrurerie-alsace\/"},{"@type":"ListItem","position":2,"name":"Mentions l\u00e9gales"}]},{"@type":"WebSite","@id":"https:\/\/modernalu.fr\/accueil-modernalu-metallerie-serrurerie-alsace\/#website","url":"https:\/\/modernalu.fr\/accueil-modernalu-metallerie-serrurerie-alsace\/","name":"Modern Alu","description":"Solutions en Aluminium, Serrurerie, et M&eacute;tallerie sur Mesure en Alsace | France - Modern'Alu, l'Artisan de Vos Projets.","publisher":{"@id":"https:\/\/modernalu.fr\/accueil-modernalu-metallerie-serrurerie-alsace\/#organization"},"potentialAction":[{"@type":"SearchAction","target":{"@type":"EntryPoint","urlTemplate":"https:\/\/modernalu.fr\/accueil-modernalu-metallerie-serrurerie-alsace\/?s={search_term_string}"},"query-input":{"@type":"PropertyValueSpecification","valueRequired":true,"valueName":"search_term_string"}}],"inLanguage":"fr-FR"},{"@type":"Organization","@id":"https:\/\/modernalu.fr\/accueil-modernalu-metallerie-serrurerie-alsace\/#organization","name":"Modern Alu","url":"https:\/\/modernalu.fr\/accueil-modernalu-metallerie-serrurerie-alsace\/","logo":{"@type":"ImageObject","inLanguage":"fr-FR","@id":"https:\/\/modernalu.fr\/accueil-modernalu-metallerie-serrurerie-alsace\/#\/schema\/logo\/image\/","url":"https:\/\/modernalu.fr\/wp-content\/uploads\/2023\/10\/logo-modernalu.png","contentUrl":"https:\/\/modernalu.fr\/wp-content\/uploads\/2023\/10\/logo-modernalu.png","width":560,"height":253,"caption":"Modern Alu"},"image":{"@id":"https:\/\/modernalu.fr\/accueil-modernalu-metallerie-serrurerie-alsace\/#\/schema\/logo\/image\/"}}]}},"_links":{"self":[{"href":"https:\/\/modernalu.fr\/accueil-modernalu-metallerie-serrurerie-alsace\/wp-json\/wp\/v2\/pages\/6098","targetHints":{"allow":["GET"]}}],"collection":[{"href":"https:\/\/modernalu.fr\/accueil-modernalu-metallerie-serrurerie-alsace\/wp-json\/wp\/v2\/pages"}],"about":[{"href":"https:\/\/modernalu.fr\/accueil-modernalu-metallerie-serrurerie-alsace\/wp-json\/wp\/v2\/types\/page"}],"author":[{"embeddable":true,"href":"https:\/\/modernalu.fr\/accueil-modernalu-metallerie-serrurerie-alsace\/wp-json\/wp\/v2\/users\/2"}],"replies":[{"embeddable":true,"href":"https:\/\/modernalu.fr\/accueil-modernalu-metallerie-serrurerie-alsace\/wp-json\/wp\/v2\/comments?post=6098"}],"version-history":[{"count":1,"href":"https:\/\/modernalu.fr\/accueil-modernalu-metallerie-serrurerie-alsace\/wp-json\/wp\/v2\/pages\/6098\/revisions"}],"predecessor-version":[{"id":6099,"href":"https:\/\/modernalu.fr\/accueil-modernalu-metallerie-serrurerie-alsace\/wp-json\/wp\/v2\/pages\/6098\/revisions\/6099"}],"wp:attachment":[{"href":"https:\/\/modernalu.fr\/accueil-modernalu-metallerie-serrurerie-alsace\/wp-json\/wp\/v2\/media?parent=6098"}],"curies":[{"name":"wp","href":"https:\/\/api.w.org\/{rel}","templated":true}]}}